{"id":2751,"date":"2023-07-30T18:55:03","date_gmt":"2023-07-30T18:55:03","guid":{"rendered":"https:\/\/nakedspirit.ee\/?page_id=2751"},"modified":"2023-08-08T11:12:02","modified_gmt":"2023-08-08T11:12:02","slug":"privacy-policy","status":"publish","type":"page","link":"https:\/\/nakedspirit.ee\/est\/privacy-policy\/","title":{"rendered":"Privaatsuspoliitika"},"content":{"rendered":"<div data-elementor-type=\"wp-page\" data-elementor-id=\"2751\" class=\"elementor elementor-2751\" data-elementor-post-type=\"page\">\n\t\t\t\t\t\t<section class=\"elementor-section elementor-top-section elementor-element elementor-element-2a600de elementor-section-boxed elementor-section-height-default elementor-section-height-default\" data-id=\"2a600de\" data-element_type=\"section\" data-e-type=\"section\">\n\t\t\t\t\t\t<div class=\"elementor-container elementor-column-gap-no\">\n\t\t\t\t\t<div class=\"elementor-column elementor-col-100 elementor-top-column elementor-element elementor-element-f70f6c3\" data-id=\"f70f6c3\" data-element_type=\"column\" data-e-type=\"column\">\n\t\t\t<div class=\"elementor-widget-wrap elementor-element-populated\">\n\t\t\t\t\t\t<div class=\"elementor-element elementor-element-d7eba01 elementor-widget elementor-widget-heading\" data-id=\"d7eba01\" data-element_type=\"widget\" data-e-type=\"widget\" data-widget_type=\"heading.default\">\n\t\t\t\t<div class=\"elementor-widget-container\">\n\t\t\t\t\t<h1 class=\"elementor-heading-title elementor-size-default\">Privaatsuspoliitika<\/h1>\t\t\t\t<\/div>\n\t\t\t\t<\/div>\n\t\t\t\t<div class=\"elementor-element elementor-element-0c5d025 elementor-widget-divider--view-line elementor-widget elementor-widget-divider\" data-id=\"0c5d025\" data-element_type=\"widget\" data-e-type=\"widget\" data-widget_type=\"divider.default\">\n\t\t\t\t<div class=\"elementor-widget-container\">\n\t\t\t\t\t\t\t<div class=\"elementor-divider\">\n\t\t\t<span class=\"elementor-divider-separator\">\n\t\t\t\t\t\t<\/span>\n\t\t<\/div>\n\t\t\t\t\t\t<\/div>\n\t\t\t\t<\/div>\n\t\t\t\t\t<\/div>\n\t\t<\/div>\n\t\t\t\t\t<\/div>\n\t\t<\/section>\n\t\t\t\t<section class=\"elementor-section elementor-top-section elementor-element elementor-element-62yk5nm elementor-section-boxed elementor-section-height-default elementor-section-height-default\" data-id=\"62yk5nm\" data-element_type=\"section\" data-e-type=\"section\" data-settings=\"{&quot;background_background&quot;:&quot;classic&quot;}\">\n\t\t\t\t\t\t<div class=\"elementor-container elementor-column-gap-default\">\n\t\t\t\t\t<div class=\"elementor-column elementor-col-100 elementor-top-column elementor-element elementor-element-f088365\" data-id=\"f088365\" data-element_type=\"column\" data-e-type=\"column\">\n\t\t\t<div class=\"elementor-widget-wrap elementor-element-populated\">\n\t\t\t\t\t\t<div class=\"elementor-element elementor-element-e7d1eaf elementor-widget elementor-widget-heading\" data-id=\"e7d1eaf\" data-element_type=\"widget\" data-e-type=\"widget\" data-widget_type=\"heading.default\">\n\t\t\t\t<div class=\"elementor-widget-container\">\n\t\t\t\t\t<h2 class=\"elementor-heading-title elementor-size-default\">Otseturundus ja isikuandmete t\u00f6\u00f6tlemine<\/h2>\t\t\t\t<\/div>\n\t\t\t\t<\/div>\n\t\t\t\t<div class=\"elementor-element elementor-element-01dd3f1 elementor-widget elementor-widget-text-editor\" data-id=\"01dd3f1\" data-element_type=\"widget\" data-e-type=\"widget\" data-widget_type=\"text-editor.default\">\n\t\t\t\t<div class=\"elementor-widget-container\">\n\t\t\t\t\t\t\t\t\t<p><span style=\"font-weight: 400;\">Meie veebipood kasutab ostja poolt sisestatud isikuandmeid (sh nimi, telefoninumber, aadress, e-post ja pangarekvisiidid) ainult tellimuse t\u00f6\u00f6tlemiseks ja kauba ostjale saatmiseks. Veebipood edastab isikuandmed transporditeenuse osutajale kauba kohaletoimetamiseks.&nbsp;<\/span><\/p>\n<p><span style=\"font-weight: 400;\">Meie e-pood saadab uudiskirju ja pakkumisi ostja e-posti aadressile ainult juhul, kui ostja on avaldanud soovi neid saada, sisestades veebilehel oma e-posti aadressi ja andnud teada oma soovist otsepostituse saamiseks.&nbsp;<\/span><\/p>\n<p><span style=\"font-weight: 400;\">Ostjal on igal ajal v\u00f5imalik loobuda tema e-posti aadressile saadetud pakkumistest ja uudiskirjadest, andes sellest meile teada e-posti teel v\u00f5i j\u00e4rgides pakkumist sisaldavas e-kirjas toodud juhiseid.<\/span><\/p>\t\t\t\t\t\t\t\t<\/div>\n\t\t\t\t<\/div>\n\t\t\t\t<div class=\"elementor-element elementor-element-c06df3f elementor-widget elementor-widget-heading\" data-id=\"c06df3f\" data-element_type=\"widget\" data-e-type=\"widget\" data-widget_type=\"heading.default\">\n\t\t\t\t<div class=\"elementor-widget-container\">\n\t\t\t\t\t<h2 class=\"elementor-heading-title elementor-size-default\">Kolmandate osapoolte lingid<\/h2>\t\t\t\t<\/div>\n\t\t\t\t<\/div>\n\t\t\t\t<div class=\"elementor-element elementor-element-0218a31 elementor-widget elementor-widget-text-editor\" data-id=\"0218a31\" data-element_type=\"widget\" data-e-type=\"widget\" data-widget_type=\"text-editor.default\">\n\t\t\t\t<div class=\"elementor-widget-container\">\n\t\t\t\t\t\t\t\t\t<p><span style=\"font-weight: 400;\">Teatud meie teenuse kaudu saadaolev sisu, tooted ja teenused v\u00f5ivad sisaldada materjale kolmandatelt osapooltelt.<\/span><\/p><p><span style=\"font-weight: 400;\">Sellel saidil olevad kolmandate osapoolte lingid v\u00f5ivad teid suunata kolmandate osapoolte veebisaitidele, mis ei ole meiega seotud. Me ei vastuta sisu v\u00f5i t\u00e4psuse uurimise ega hindamise eest ning me ei garanteeri ega vastuta kolmandate osapoolte materjalide v\u00f5i veebisaitide ega kolmandate osapoolte muude materjalide, toodete v\u00f5i teenuste eest.<\/span><\/p><p><span style=\"font-weight: 400;\">Me ei vastuta kahjude eest, mis on seotud kaupade, teenuste, ressursside, sisu ostmise v\u00f5i kasutamisega v\u00f5i mis tahes muude tehingutega, mis on tehtud seoses mis tahes kolmandate osapoolte veebisaitidega. Lugege hoolikalt \u00fcle kolmanda osapoole eeskirjad ja tavad ning veenduge, et m\u00f5istate neid enne mis tahes tehingu tegemist. Kolmanda osapoole tooteid puudutavad kaebused, pretensioonid, mured v\u00f5i k\u00fcsimused tuleks suunata kolmandale osapoolele.<\/span><\/p>\t\t\t\t\t\t\t\t<\/div>\n\t\t\t\t<\/div>\n\t\t\t\t\t<\/div>\n\t\t<\/div>\n\t\t\t\t\t<\/div>\n\t\t<\/section>\n\t\t\t\t<\/div>","protected":false},"excerpt":{"rendered":"<p>Privaatsuspoliitika Otseturundus ja isikuandmete t\u00f6\u00f6tlemine Meie veebipood kasutab ostja poolt sisestatud isikuandmeid (sh nimi, telefoninumber, aadress, e-post ja pangarekvisiidid) ainult tellimuse t\u00f6\u00f6tlemiseks ja kauba ostjale saatmiseks. Veebipood edastab isikuandmed transporditeenuse osutajale, et toimetada [\u2026]<\/p>","protected":false},"author":1,"featured_media":0,"parent":0,"menu_order":0,"comment_status":"closed","ping_status":"closed","template":"","meta":{"_acf_changed":false,"site-sidebar-layout":"no-sidebar","site-content-layout":"page-builder","ast-site-content-layout":"","site-content-style":"default","site-sidebar-style":"default","ast-global-header-display":"","ast-banner-title-visibility":"","ast-main-header-display":"","ast-hfb-above-header-display":"","ast-hfb-below-header-display":"","ast-hfb-mobile-header-display":"","site-post-title":"disabled","ast-breadcrumbs-content":"disabled","ast-featured-img":"disabled","footer-sml-layout":"","theme-transparent-header-meta":"enabled","adv-header-id-meta":"","stick-header-meta":"","header-above-stick-meta":"","header-main-stick-meta":"","header-below-stick-meta":"","astra-migrate-meta-layouts":"default","ast-page-background-enabled":"default","ast-page-background-meta":{"desktop":{"background-color":"var(--ast-global-color-4)","background-image":"","background-repeat":"repeat","background-position":"center center","background-size":"auto","background-attachment":"scroll","background-type":"","background-media":"","overlay-type":"","overlay-color":"","overlay-opacity":"","overlay-gradient":""},"tablet":{"background-color":"","background-image":"","background-repeat":"repeat","background-position":"center center","background-size":"auto","background-attachment":"scroll","background-type":"","background-media":"","overlay-type":"","overlay-color":"","overlay-opacity":"","overlay-gradient":""},"mobile":{"background-color":"","background-image":"","background-repeat":"repeat","background-position":"center center","background-size":"auto","background-attachment":"scroll","background-type":"","background-media":"","overlay-type":"","overlay-color":"","overlay-opacity":"","overlay-gradient":""}},"ast-content-background-meta":{"desktop":{"background-color":"var(--ast-global-color-5)","background-image":"","background-repeat":"repeat","background-position":"center center","background-size":"auto","background-attachment":"scroll","background-type":"","background-media":"","overlay-type":"","overlay-color":"","overlay-opacity":"","overlay-gradient":""},"tablet":{"background-color":"var(--ast-global-color-5)","background-image":"","background-repeat":"repeat","background-position":"center center","background-size":"auto","background-attachment":"scroll","background-type":"","background-media":"","overlay-type":"","overlay-color":"","overlay-opacity":"","overlay-gradient":""},"mobile":{"background-color":"var(--ast-global-color-5)","background-image":"","background-repeat":"repeat","background-position":"center center","background-size":"auto","background-attachment":"scroll","background-type":"","background-media":"","overlay-type":"","overlay-color":"","overlay-opacity":"","overlay-gradient":""}},"footnotes":""},"class_list":["post-2751","page","type-page","status-publish","hentry"],"acf":[],"_links":{"self":[{"href":"https:\/\/nakedspirit.ee\/est\/wp-json\/wp\/v2\/pages\/2751","targetHints":{"allow":["GET"]}}],"collection":[{"href":"https:\/\/nakedspirit.ee\/est\/wp-json\/wp\/v2\/pages"}],"about":[{"href":"https:\/\/nakedspirit.ee\/est\/wp-json\/wp\/v2\/types\/page"}],"author":[{"embeddable":true,"href":"https:\/\/nakedspirit.ee\/est\/wp-json\/wp\/v2\/users\/1"}],"replies":[{"embeddable":true,"href":"https:\/\/nakedspirit.ee\/est\/wp-json\/wp\/v2\/comments?post=2751"}],"version-history":[{"count":0,"href":"https:\/\/nakedspirit.ee\/est\/wp-json\/wp\/v2\/pages\/2751\/revisions"}],"wp:attachment":[{"href":"https:\/\/nakedspirit.ee\/est\/wp-json\/wp\/v2\/media?parent=2751"}],"curies":[{"name":"wp","href":"https:\/\/api.w.org\/{rel}","templated":true}]}}