{"id":2759,"date":"2023-07-30T19:07:41","date_gmt":"2023-07-30T19:07:41","guid":{"rendered":"https:\/\/nakedspirit.ee\/?page_id=2759"},"modified":"2023-07-30T20:16:23","modified_gmt":"2023-07-30T20:16:23","slug":"shipping-returns","status":"publish","type":"page","link":"https:\/\/nakedspirit.ee\/est\/shipping-returns\/","title":{"rendered":"Saatmine ja tagastamine"},"content":{"rendered":"<div data-elementor-type=\"wp-page\" data-elementor-id=\"2759\" class=\"elementor elementor-2759\" data-elementor-post-type=\"page\">\n\t\t\t\t\t\t<section class=\"elementor-section elementor-top-section elementor-element elementor-element-2a600de elementor-section-boxed elementor-section-height-default elementor-section-height-default\" data-id=\"2a600de\" data-element_type=\"section\" data-e-type=\"section\">\n\t\t\t\t\t\t<div class=\"elementor-container elementor-column-gap-no\">\n\t\t\t\t\t<div class=\"elementor-column elementor-col-100 elementor-top-column elementor-element elementor-element-f70f6c3\" data-id=\"f70f6c3\" data-element_type=\"column\" data-e-type=\"column\">\n\t\t\t<div class=\"elementor-widget-wrap elementor-element-populated\">\n\t\t\t\t\t\t<div class=\"elementor-element elementor-element-d7eba01 elementor-widget__width-initial elementor-widget elementor-widget-heading\" data-id=\"d7eba01\" data-element_type=\"widget\" data-e-type=\"widget\" data-widget_type=\"heading.default\">\n\t\t\t\t<div class=\"elementor-widget-container\">\n\t\t\t\t\t<h1 class=\"elementor-heading-title elementor-size-default\">Saatmine ja tagastus\n<\/h1>\t\t\t\t<\/div>\n\t\t\t\t<\/div>\n\t\t\t\t<div class=\"elementor-element elementor-element-0c5d025 elementor-widget-divider--view-line elementor-widget elementor-widget-divider\" data-id=\"0c5d025\" data-element_type=\"widget\" data-e-type=\"widget\" data-widget_type=\"divider.default\">\n\t\t\t\t<div class=\"elementor-widget-container\">\n\t\t\t\t\t\t\t<div class=\"elementor-divider\">\n\t\t\t<span class=\"elementor-divider-separator\">\n\t\t\t\t\t\t<\/span>\n\t\t<\/div>\n\t\t\t\t\t\t<\/div>\n\t\t\t\t<\/div>\n\t\t\t\t\t<\/div>\n\t\t<\/div>\n\t\t\t\t\t<\/div>\n\t\t<\/section>\n\t\t\t\t<section class=\"elementor-section elementor-top-section elementor-element elementor-element-62yk5nm elementor-section-boxed elementor-section-height-default elementor-section-height-default\" data-id=\"62yk5nm\" data-element_type=\"section\" data-e-type=\"section\" data-settings=\"{&quot;background_background&quot;:&quot;classic&quot;}\">\n\t\t\t\t\t\t<div class=\"elementor-container elementor-column-gap-default\">\n\t\t\t\t\t<div class=\"elementor-column elementor-col-100 elementor-top-column elementor-element elementor-element-f088365\" data-id=\"f088365\" data-element_type=\"column\" data-e-type=\"column\">\n\t\t\t<div class=\"elementor-widget-wrap elementor-element-populated\">\n\t\t\t\t\t\t<div class=\"elementor-element elementor-element-e7d1eaf elementor-widget elementor-widget-heading\" data-id=\"e7d1eaf\" data-element_type=\"widget\" data-e-type=\"widget\" data-widget_type=\"heading.default\">\n\t\t\t\t<div class=\"elementor-widget-container\">\n\t\t\t\t\t<h2 class=\"elementor-heading-title elementor-size-default\">Saatmine\n<\/h2>\t\t\t\t<\/div>\n\t\t\t\t<\/div>\n\t\t\t\t<div class=\"elementor-element elementor-element-01dd3f1 elementor-widget elementor-widget-text-editor\" data-id=\"01dd3f1\" data-element_type=\"widget\" data-e-type=\"widget\" data-widget_type=\"text-editor.default\">\n\t\t\t\t<div class=\"elementor-widget-container\">\n\t\t\t\t\t\t\t\t\t<h4><b>Tarneteenus Eestis (siseriiklik), L\u00e4tis ja Leedus<\/b><\/h4><p><span style=\"font-weight: 400;\">Kasutame kohalikku postiteenuseid DPD ja <\/span><a href=\"https:\/\/www.omniva.ee\/eng\"><span style=\"font-weight: 400;\">Omniva<\/span><\/a><span style=\"font-weight: 400;\"> (Kohaletoimetamine toimub  pakiautomaadi kaudu).\u00a0<\/span><\/p><h4><b>Rahvusvaheline kohaletoimetamisteenus (saademe \u00fcle maailma)<\/b><\/h4><p><span style=\"font-weight: 400;\">Kasutame kohalikku postiteenuseid DPD ja <\/span><a href=\"https:\/\/www.omniva.ee\/eng\"><span style=\"font-weight: 400;\">Omniva<\/span><\/a><\/p><h4><b>Tarneteenuse maksumus ja aeg<\/b><\/h4><p><span style=\"font-weight: 400;\">Saatekulu s\u00f5ltub ostja asukohast. Saatekulu kuvatakse ostja poolt tellimuse esitamisel.<\/span><\/p><p><span style=\"font-weight: 400;\">K\u00f5ik Eesti, L\u00e4ti ja Leedu sisesed saadetised j\u00f5uavad \u00fcldjuhul ostja m\u00e4\u00e4ratud sihtkohta 3-7 t\u00f6\u00f6p\u00e4eva jooksul alates m\u00fc\u00fcgilepingu j\u00f5ustumise kuup\u00e4evast.<\/span><\/p><p><span style=\"font-weight: 400;\">K\u00f5ik saadetised v\u00e4ljaspool Eestit, L\u00e4tit ja Leedut on garanteeritud 14 t\u00f6\u00f6p\u00e4eva jooksul.<\/span><\/p><p><span style=\"font-weight: 400;\">Meil on \u00f5igus erandjuhtudel kaubad kohale toimetada kuni 45 kalendrip\u00e4eva jooksul.\u00a0<\/span><\/p>\t\t\t\t\t\t\t\t<\/div>\n\t\t\t\t<\/div>\n\t\t\t\t<div class=\"elementor-element elementor-element-c06df3f elementor-widget elementor-widget-heading\" data-id=\"c06df3f\" data-element_type=\"widget\" data-e-type=\"widget\" data-widget_type=\"heading.default\">\n\t\t\t\t<div class=\"elementor-widget-container\">\n\t\t\t\t\t<h2 class=\"elementor-heading-title elementor-size-default\">Tagastamine<\/h2>\t\t\t\t<\/div>\n\t\t\t\t<\/div>\n\t\t\t\t<div class=\"elementor-element elementor-element-0218a31 elementor-widget elementor-widget-text-editor\" data-id=\"0218a31\" data-element_type=\"widget\" data-e-type=\"widget\" data-widget_type=\"text-editor.default\">\n\t\t\t\t<div class=\"elementor-widget-container\">\n\t\t\t\t\t\t\t\t\t<h4><b>Taganemis\u00f5igus<\/b><\/h4><p><span style=\"font-weight: 400;\">Loodame, et tolete rahul meie kaubaga. Kui aga mitte, siis saadame teile uue suuruse, v\u00e4rvi v\u00f5i stiili v\u00f5i tagastame teile raha.<\/span><\/p><p><span style=\"font-weight: 400;\">Kui soovite kaupa tagastada v\u00f5i vahetada, v\u00f5tke meiega \u00fchendust aadressil love@nakedspirit.ee. Palun lisage meili teemareale: &quot;Tagastamine&quot;, lisage oma t\u00e4isnimi, tellimuse number ja tarneaadress. Palun andke meile ka teada, mis on tagastamise peamine p\u00f5hjus.<\/span><\/p><p><span style=\"font-weight: 400;\">Raha tagastamise v\u00f5i vahetuse saamiseks peate meid teavitama 14 p\u00e4eva jooksul alates kauba kohaletoimetamisest. Esemed peavad olema kandmata ja ideaalses seisukorras ning originaalpakendis ning k\u00f5ik r\u00f5ivasildid veel k\u00fcljes. Eestis on tagastamine teile tasuta. Meil ei ole v\u00f5imalik raha tagasi maksta kaupade eest, mis meie kontorisse ei j\u00f5ua.<\/span><\/p><p><span style=\"font-weight: 400;\">Kui teie tagastus on k\u00e4tte saadud ja kontrollitud, saadame teile e-kirja, et teavitada teid, et oleme teie tagastatud kauba k\u00e4tte saanud. P\u00e4rast kinnitamist t\u00f6\u00f6deldakse teie tagasimakset ja krediit kantakse teie krediitkaardile v\u00f5i algsele makseviisile kohe, kuid mitte hiljem kui 14 p\u00e4eva p\u00e4rast.<\/span><\/p><h4><b>Defektne kaup<\/b><\/h4><p><span style=\"font-weight: 400;\">Kui juhtub, et sulle satub m\u00f5ni defektiga toode, siis kirjuta sellest meile love@nakedspirit.ee. Siid on \u00fclimalt delikaatne materjal ning eritellimusel \u00fchekaupa digitr\u00fckimeetodil v\u00f5ivadki kangal olla m\u00f5ned eb\u00fchtlased v\u00e4rvi\u00fcleminekud. See on kanga ja tr\u00fckimeetodi erip\u00e4ra. Juhul kui on m\u00f5ni pisiviga, mida meie pole m\u00e4rganud aga mis sind v\u00e4ga h\u00e4irib, siis kirjuta julgelt ja leiame lahenduse.<\/span><\/p><p><span style=\"font-weight: 400;\">Ostjal on \u00f5igus puuduse ilmnemisest 14 p\u00e4eva jooksul p\u00f6\u00f6rduda e-poe poole, saates e-posti aadressile love@nakedspirit.ee. Veebipood ei vastuta puuduste eest, mis tekivad p\u00e4rast kauba kasutamist. Kui veebipoest ostetud kaubal on puudused, mis oli juba enne kauba ostu, parandab v\u00f5i asendab veebipood puudusega kauba. Kui kaupa ei ole v\u00f5imalik parandada v\u00f5i asendada, tagastab veebipood ostjale raha kogu ostetud summa ulatuses. Veebipood vastab tarbija kaebusele kirjalikus vormis v\u00f5i kirjalikku taasesitamist v\u00f5imaldavas vormis 15 p\u00e4eva jooksul.<\/span><\/p>\t\t\t\t\t\t\t\t<\/div>\n\t\t\t\t<\/div>\n\t\t\t\t\t<\/div>\n\t\t<\/div>\n\t\t\t\t\t<\/div>\n\t\t<\/section>\n\t\t\t\t<\/div>","protected":false},"excerpt":{"rendered":"<p>Kohaletoimetamine ja tagastamine Kohaletoimetamine Eestis (siseriiklik), L\u00e4tis ja Leedus Kasutame kohalikku postiteenust Omniva (k\u00e4ttetoimetamine toimub kas kulleriga v\u00f5i pakiautomaadi kaudu). Kohaletoimetamise teenus Rahvusvaheline (saademe \u00fcle maailma) Kasutame kohalikku postiteenust Omniva Kohaletoimetamise maksumus ja aeg Saatekulu s\u00f5ltub [\u2026]<\/p>","protected":false},"author":1,"featured_media":0,"parent":0,"menu_order":0,"comment_status":"closed","ping_status":"closed","template":"","meta":{"_acf_changed":false,"site-sidebar-layout":"no-sidebar","site-content-layout":"page-builder","ast-site-content-layout":"","site-content-style":"default","site-sidebar-style":"default","ast-global-header-display":"","ast-banner-title-visibility":"","ast-main-header-display":"","ast-hfb-above-header-display":"","ast-hfb-below-header-display":"","ast-hfb-mobile-header-display":"","site-post-title":"disabled","ast-breadcrumbs-content":"disabled","ast-featured-img":"disabled","footer-sml-layout":"","theme-transparent-header-meta":"enabled","adv-header-id-meta":"","stick-header-meta":"","header-above-stick-meta":"","header-main-stick-meta":"","header-below-stick-meta":"","astra-migrate-meta-layouts":"default","ast-page-background-enabled":"default","ast-page-background-meta":{"desktop":{"background-color":"var(--ast-global-color-4)","background-image":"","background-repeat":"repeat","background-position":"center center","background-size":"auto","background-attachment":"scroll","background-type":"","background-media":"","overlay-type":"","overlay-color":"","overlay-opacity":"","overlay-gradient":""},"tablet":{"background-color":"","background-image":"","background-repeat":"repeat","background-position":"center center","background-size":"auto","background-attachment":"scroll","background-type":"","background-media":"","overlay-type":"","overlay-color":"","overlay-opacity":"","overlay-gradient":""},"mobile":{"background-color":"","background-image":"","background-repeat":"repeat","background-position":"center center","background-size":"auto","background-attachment":"scroll","background-type":"","background-media":"","overlay-type":"","overlay-color":"","overlay-opacity":"","overlay-gradient":""}},"ast-content-background-meta":{"desktop":{"background-color":"var(--ast-global-color-5)","background-image":"","background-repeat":"repeat","background-position":"center center","background-size":"auto","background-attachment":"scroll","background-type":"","background-media":"","overlay-type":"","overlay-color":"","overlay-opacity":"","overlay-gradient":""},"tablet":{"background-color":"var(--ast-global-color-5)","background-image":"","background-repeat":"repeat","background-position":"center center","background-size":"auto","background-attachment":"scroll","background-type":"","background-media":"","overlay-type":"","overlay-color":"","overlay-opacity":"","overlay-gradient":""},"mobile":{"background-color":"var(--ast-global-color-5)","background-image":"","background-repeat":"repeat","background-position":"center center","background-size":"auto","background-attachment":"scroll","background-type":"","background-media":"","overlay-type":"","overlay-color":"","overlay-opacity":"","overlay-gradient":""}},"footnotes":""},"class_list":["post-2759","page","type-page","status-publish","hentry"],"acf":[],"_links":{"self":[{"href":"https:\/\/nakedspirit.ee\/est\/wp-json\/wp\/v2\/pages\/2759","targetHints":{"allow":["GET"]}}],"collection":[{"href":"https:\/\/nakedspirit.ee\/est\/wp-json\/wp\/v2\/pages"}],"about":[{"href":"https:\/\/nakedspirit.ee\/est\/wp-json\/wp\/v2\/types\/page"}],"author":[{"embeddable":true,"href":"https:\/\/nakedspirit.ee\/est\/wp-json\/wp\/v2\/users\/1"}],"replies":[{"embeddable":true,"href":"https:\/\/nakedspirit.ee\/est\/wp-json\/wp\/v2\/comments?post=2759"}],"version-history":[{"count":0,"href":"https:\/\/nakedspirit.ee\/est\/wp-json\/wp\/v2\/pages\/2759\/revisions"}],"wp:attachment":[{"href":"https:\/\/nakedspirit.ee\/est\/wp-json\/wp\/v2\/media?parent=2759"}],"curies":[{"name":"wp","href":"https:\/\/api.w.org\/{rel}","templated":true}]}}