{"id":4163,"date":"2023-09-28T16:35:54","date_gmt":"2023-09-28T16:35:54","guid":{"rendered":"https:\/\/nakedspirit.ee\/?page_id=4163"},"modified":"2024-12-05T15:10:58","modified_gmt":"2024-12-05T15:10:58","slug":"our-story","status":"publish","type":"page","link":"https:\/\/nakedspirit.ee\/est\/our-story\/","title":{"rendered":"Meie lugu"},"content":{"rendered":"<div data-elementor-type=\"wp-page\" data-elementor-id=\"4163\" class=\"elementor elementor-4163\" data-elementor-post-type=\"page\">\n\t\t\t\t\t\t<section class=\"elementor-section elementor-top-section elementor-element elementor-element-2a600de elementor-section-boxed elementor-section-height-default elementor-section-height-default\" data-id=\"2a600de\" data-element_type=\"section\" data-e-type=\"section\">\n\t\t\t\t\t\t<div class=\"elementor-container elementor-column-gap-no\">\n\t\t\t\t\t<div class=\"elementor-column elementor-col-100 elementor-top-column elementor-element elementor-element-f70f6c3\" data-id=\"f70f6c3\" data-element_type=\"column\" data-e-type=\"column\">\n\t\t\t<div class=\"elementor-widget-wrap elementor-element-populated\">\n\t\t\t\t\t\t<div class=\"elementor-element elementor-element-d7eba01 elementor-widget elementor-widget-heading\" data-id=\"d7eba01\" data-element_type=\"widget\" data-e-type=\"widget\" data-widget_type=\"heading.default\">\n\t\t\t\t<div class=\"elementor-widget-container\">\n\t\t\t\t\t<h1 class=\"elementor-heading-title elementor-size-default\">Meie lugu<\/h1>\t\t\t\t<\/div>\n\t\t\t\t<\/div>\n\t\t\t\t<div class=\"elementor-element elementor-element-0c5d025 elementor-widget-divider--view-line elementor-widget elementor-widget-divider\" data-id=\"0c5d025\" data-element_type=\"widget\" data-e-type=\"widget\" data-widget_type=\"divider.default\">\n\t\t\t\t<div class=\"elementor-widget-container\">\n\t\t\t\t\t\t\t<div class=\"elementor-divider\">\n\t\t\t<span class=\"elementor-divider-separator\">\n\t\t\t\t\t\t<\/span>\n\t\t<\/div>\n\t\t\t\t\t\t<\/div>\n\t\t\t\t<\/div>\n\t\t\t\t\t<\/div>\n\t\t<\/div>\n\t\t\t\t\t<\/div>\n\t\t<\/section>\n\t\t\t\t<section class=\"elementor-section elementor-top-section elementor-element elementor-element-62yk5nm elementor-section-boxed elementor-section-height-default elementor-section-height-default\" data-id=\"62yk5nm\" data-element_type=\"section\" data-e-type=\"section\" data-settings=\"{&quot;background_background&quot;:&quot;classic&quot;}\">\n\t\t\t\t\t\t<div class=\"elementor-container elementor-column-gap-default\">\n\t\t\t\t\t<div class=\"elementor-column elementor-col-50 elementor-top-column elementor-element elementor-element-9abba43\" data-id=\"9abba43\" data-element_type=\"column\" data-e-type=\"column\" data-settings=\"{&quot;background_background&quot;:&quot;classic&quot;}\">\n\t\t\t<div class=\"elementor-widget-wrap elementor-element-populated\">\n\t\t\t\t\t\t\t<\/div>\n\t\t<\/div>\n\t\t\t\t<div class=\"elementor-column elementor-col-50 elementor-top-column elementor-element elementor-element-f088365\" data-id=\"f088365\" data-element_type=\"column\" data-e-type=\"column\">\n\t\t\t<div class=\"elementor-widget-wrap elementor-element-populated\">\n\t\t\t\t\t\t<div class=\"elementor-element elementor-element-01dd3f1 elementor-widget elementor-widget-text-editor\" data-id=\"01dd3f1\" data-element_type=\"widget\" data-e-type=\"widget\" data-widget_type=\"text-editor.default\">\n\t\t\t\t<div class=\"elementor-widget-container\">\n\t\t\t\t\t\t\t\t\t<h4><strong>Naked Spirit s\u00fcndis soovist luua midagi enamat kui lihtsalt r\u00f5ivad. Midagi, mis on sama mitmek\u00fclgne ja kordumatu nagu iga naine ise<br \/><br \/><\/strong><\/h4><h4><strong>Meie siidist kimonod on loodud t\u00e4histama naiselikku ilu selle k\u00f5ige ehedamas vormis \u2013 ilma piiranguteta. See ei hooli numbritest, vormidest ega vanusest, sest t\u00f5eline elegants ei s\u00f5ltu neist.<\/strong><\/h4>\t\t\t\t\t\t\t\t<\/div>\n\t\t\t\t<\/div>\n\t\t\t\t<div class=\"elementor-element elementor-element-59109b5 elementor-widget elementor-widget-heading\" data-id=\"59109b5\" data-element_type=\"widget\" data-e-type=\"widget\" data-widget_type=\"heading.default\">\n\t\t\t\t<div class=\"elementor-widget-container\">\n\t\t\t\t\t<h1 class=\"elementor-heading-title elementor-size-default\">Salajane v\u00f5lu<\/h1>\t\t\t\t<\/div>\n\t\t\t\t<\/div>\n\t\t\t\t<div class=\"elementor-element elementor-element-d8e268e elementor-widget elementor-widget-text-editor\" data-id=\"d8e268e\" data-element_type=\"widget\" data-e-type=\"widget\" data-widget_type=\"text-editor.default\">\n\t\t\t\t<div class=\"elementor-widget-container\">\n\t\t\t\t\t\t\t\t\t<p>Kimonol on salajane v\u00f5lu, mis suudab sobituda igasse hetke ja s\u00fcndmusesse. See on kui sild argise ja erilise vahel. Olgu tegemist piduliku \u00f5htuga, kus soovid s\u00e4rada, v\u00f5i vaikse hommikuga, kus soovid lihtsalt end h\u00e4sti tunda \u2013 Naked Spiriti kimono annab sulle alati seda, mida vajad.<\/p><p>Eriliste s\u00fcndmuste keskmes, kui valgus langeb \u00f5rnalt ja pilgud peatuvad sinu peal, loob kimono sind \u00fcmbritseva h\u00f5ngu, mis on \u00fchtaegu loomulik ja lummav. See on naiselikkus, mis ei ole kunagi pealet\u00fckkiv, vaid alati t\u00e4helepanu v\u00e4\u00e4riv<\/p>\t\t\t\t\t\t\t\t<\/div>\n\t\t\t\t<\/div>\n\t\t\t\t<div class=\"elementor-element elementor-element-fa10302 elementor-widget elementor-widget-heading\" data-id=\"fa10302\" data-element_type=\"widget\" data-e-type=\"widget\" data-widget_type=\"heading.default\">\n\t\t\t\t<div class=\"elementor-widget-container\">\n\t\t\t\t\t<h2 class=\"elementor-heading-title elementor-size-default\">Loodud naise j\u00e4rgi<\/h2>\t\t\t\t<\/div>\n\t\t\t\t<\/div>\n\t\t\t\t<div class=\"elementor-element elementor-element-f32ec1d elementor-widget elementor-widget-text-editor\" data-id=\"f32ec1d\" data-element_type=\"widget\" data-e-type=\"widget\" data-widget_type=\"text-editor.default\">\n\t\t\t\t<div class=\"elementor-widget-container\">\n\t\t\t\t\t\t\t\t\t<p>Meie kimonod on loodud andma naisele vabaduse olla tema ise \u2013 elegantselt, vabalt ja enesekindlalt. See on kui kaaslane, mis ei k\u00fcsi sinult midagi, vaid pakub sulle k\u00f5ike. Selle pehme siid ja voogav l\u00f5ige sulanduvad sinuga, pakkudes mugavust ja ilu, mis lasevad sul tunda end just nii imelisena, nagu sa tegelikult oled.<\/p>\t\t\t\t\t\t\t\t<\/div>\n\t\t\t\t<\/div>\n\t\t\t\t<div class=\"elementor-element elementor-element-5973441 elementor-widget elementor-widget-heading\" data-id=\"5973441\" data-element_type=\"widget\" data-e-type=\"widget\" data-widget_type=\"heading.default\">\n\t\t\t\t<div class=\"elementor-widget-container\">\n\t\t\t\t\t<h2 class=\"elementor-heading-title elementor-size-default\">Sind v\u00e4\u00e4rtustades<\/h2>\t\t\t\t<\/div>\n\t\t\t\t<\/div>\n\t\t\t\t<div class=\"elementor-element elementor-element-2d496f4 elementor-widget elementor-widget-text-editor\" data-id=\"2d496f4\" data-element_type=\"widget\" data-e-type=\"widget\" data-widget_type=\"text-editor.default\">\n\t\t\t\t<div class=\"elementor-widget-container\">\n\t\t\t\t\t\t\t\t\t<p>Naked Spiriti kimono ei vaja lavalaudu ega suuri \u017eeste, et m\u00f5juda. See on kantav igap\u00e4evane luksus, mis toob igasse p\u00e4eva killukese erilist tunnet. See meenutab sulle, et elegants on rohkem kui v\u00e4line \u2013 see on enesetunne, mis peegeldub igas su naeratuses, igas sammus.\n\nNaked Spirit on p\u00fchendatud sellele, et tuua esile naise sisemine s\u00e4ra, kandes seda v\u00e4lja maailma. Meie kimono on kui \u00f5lgadele asetatud n\u00e4htamatu kroon \u2013 lihtne, kuid v\u00e4\u00e4rikas. Sest iga naine v\u00e4\u00e4rib tunnet, et ta on eriline, \u00fcksk\u00f5ik kus ta on v\u00f5i mida ta teeb.<\/p>\t\t\t\t\t\t\t\t<\/div>\n\t\t\t\t<\/div>\n\t\t\t\t\t<\/div>\n\t\t<\/div>\n\t\t\t\t\t<\/div>\n\t\t<\/section>\n\t\t\t\t<\/div>","protected":false},"excerpt":{"rendered":"<p>Meie lugu Maailmas, kus naised t\u00e4idavad lugematuid n\u00f5udmisi, pakub Naked Spirit ruumi teie individuaalsuse omaksv\u00f5tmiseks \u2013 m\u00f5nikord julgelt, m\u00f5nikord vaikselt ja alati autentselt. See on naiseliku j\u00f5u ja elegantsi pidu, koht, kus saate lihtsalt olla sina ise. Meie siidist kimonode eeterliku ilu t\u00f5ttu tunnete end [\u2026]<\/p>","protected":false},"author":1,"featured_media":0,"parent":0,"menu_order":0,"comment_status":"closed","ping_status":"closed","template":"elementor_header_footer","meta":{"_acf_changed":false,"site-sidebar-layout":"no-sidebar","site-content-layout":"page-builder","ast-site-content-layout":"full-width-container","site-content-style":"unboxed","site-sidebar-style":"unboxed","ast-global-header-display":"","ast-banner-title-visibility":"","ast-main-header-display":"","ast-hfb-above-header-display":"","ast-hfb-below-header-display":"","ast-hfb-mobile-header-display":"","site-post-title":"disabled","ast-breadcrumbs-content":"disabled","ast-featured-img":"disabled","footer-sml-layout":"","theme-transparent-header-meta":"enabled","adv-header-id-meta":"","stick-header-meta":"default","header-above-stick-meta":"","header-main-stick-meta":"","header-below-stick-meta":"","astra-migrate-meta-layouts":"set","ast-page-background-enabled":"default","ast-page-background-meta":{"desktop":{"background-color":"var(--ast-global-color-4)","background-image":"","background-repeat":"repeat","background-position":"center center","background-size":"auto","background-attachment":"scroll","background-type":"","background-media":"","overlay-type":"","overlay-color":"","overlay-opacity":"","overlay-gradient":""},"tablet":{"background-color":"","background-image":"","background-repeat":"repeat","background-position":"center center","background-size":"auto","background-attachment":"scroll","background-type":"","background-media":"","overlay-type":"","overlay-color":"","overlay-opacity":"","overlay-gradient":""},"mobile":{"background-color":"","background-image":"","background-repeat":"repeat","background-position":"center center","background-size":"auto","background-attachment":"scroll","background-type":"","background-media":"","overlay-type":"","overlay-color":"","overlay-opacity":"","overlay-gradient":""}},"ast-content-background-meta":{"desktop":{"background-color":"var(--ast-global-color-5)","background-image":"","background-repeat":"repeat","background-position":"center center","background-size":"auto","background-attachment":"scroll","background-type":"","background-media":"","overlay-type":"","overlay-color":"","overlay-opacity":"","overlay-gradient":""},"tablet":{"background-color":"var(--ast-global-color-5)","background-image":"","background-repeat":"repeat","background-position":"center center","background-size":"auto","background-attachment":"scroll","background-type":"","background-media":"","overlay-type":"","overlay-color":"","overlay-opacity":"","overlay-gradient":""},"mobile":{"background-color":"var(--ast-global-color-5)","background-image":"","background-repeat":"repeat","background-position":"center center","background-size":"auto","background-attachment":"scroll","background-type":"","background-media":"","overlay-type":"","overlay-color":"","overlay-opacity":"","overlay-gradient":""}},"footnotes":""},"class_list":["post-4163","page","type-page","status-publish","hentry"],"acf":[],"_links":{"self":[{"href":"https:\/\/nakedspirit.ee\/est\/wp-json\/wp\/v2\/pages\/4163","targetHints":{"allow":["GET"]}}],"collection":[{"href":"https:\/\/nakedspirit.ee\/est\/wp-json\/wp\/v2\/pages"}],"about":[{"href":"https:\/\/nakedspirit.ee\/est\/wp-json\/wp\/v2\/types\/page"}],"author":[{"embeddable":true,"href":"https:\/\/nakedspirit.ee\/est\/wp-json\/wp\/v2\/users\/1"}],"replies":[{"embeddable":true,"href":"https:\/\/nakedspirit.ee\/est\/wp-json\/wp\/v2\/comments?post=4163"}],"version-history":[{"count":3,"href":"https:\/\/nakedspirit.ee\/est\/wp-json\/wp\/v2\/pages\/4163\/revisions"}],"predecessor-version":[{"id":16343,"href":"https:\/\/nakedspirit.ee\/est\/wp-json\/wp\/v2\/pages\/4163\/revisions\/16343"}],"wp:attachment":[{"href":"https:\/\/nakedspirit.ee\/est\/wp-json\/wp\/v2\/media?parent=4163"}],"curies":[{"name":"wp","href":"https:\/\/api.w.org\/{rel}","templated":true}]}}