{"id":16102,"date":"2024-12-07T01:11:02","date_gmt":"2024-12-07T01:11:02","guid":{"rendered":"https:\/\/nakedspirit.ee\/?post_type=product&#038;p=16102"},"modified":"2025-09-25T18:12:43","modified_gmt":"2025-09-25T18:12:43","slug":"terracota-silk-kimono-pikk","status":"publish","type":"product","link":"https:\/\/nakedspirit.ee\/est\/toode\/terracota-silk-kimono-pikk\/","title":{"rendered":"Terracota Pikk Siidist Kimono"},"content":{"rendered":"<div data-elementor-type=\"product-post\" data-elementor-id=\"16102\" class=\"elementor elementor-16102\" data-elementor-post-type=\"product\">\n\t\t\t\t\t\t<section class=\"elementor-section elementor-top-section elementor-element elementor-element-6de5d758 elementor-section-full_width elementor-section-height-default elementor-section-height-default\" data-id=\"6de5d758\" data-element_type=\"section\" data-e-type=\"section\">\n\t\t\t\t\t\t<div class=\"elementor-container elementor-column-gap-no\">\n\t\t\t\t\t<div class=\"elementor-column elementor-col-100 elementor-top-column elementor-element elementor-element-2999c63a\" data-id=\"2999c63a\" data-element_type=\"column\" data-e-type=\"column\">\n\t\t\t<div class=\"elementor-widget-wrap elementor-element-populated\">\n\t\t\t\t\t\t<section class=\"elementor-section elementor-inner-section elementor-element elementor-element-2ddf23fe elementor-section-full_width elementor-section-height-default elementor-section-height-default\" data-id=\"2ddf23fe\" data-element_type=\"section\" data-e-type=\"section\">\n\t\t\t\t\t\t<div class=\"elementor-container elementor-column-gap-no\">\n\t\t\t\t\t<div class=\"elementor-column elementor-col-100 elementor-inner-column elementor-element elementor-element-3f6c089f\" data-id=\"3f6c089f\" data-element_type=\"column\" data-e-type=\"column\">\n\t\t\t<div class=\"elementor-widget-wrap elementor-element-populated\">\n\t\t\t\t\t\t<div class=\"elementor-element elementor-element-3fc516e2 elementor-widget-tablet__width-initial elementor-widget elementor-widget-heading\" data-id=\"3fc516e2\" data-element_type=\"widget\" data-e-type=\"widget\" data-widget_type=\"heading.default\">\n\t\t\t\t<div class=\"elementor-widget-container\">\n\t\t\t\t\t<h3 class=\"elementor-heading-title elementor-size-default\">Veel detaile<\/h3>\t\t\t\t<\/div>\n\t\t\t\t<\/div>\n\t\t\t\t<div class=\"elementor-element elementor-element-18c6ed63 elementor-widget-divider--view-line elementor-widget elementor-widget-divider\" data-id=\"18c6ed63\" data-element_type=\"widget\" data-e-type=\"widget\" data-widget_type=\"divider.default\">\n\t\t\t\t<div class=\"elementor-widget-container\">\n\t\t\t\t\t\t\t<div class=\"elementor-divider\">\n\t\t\t<span class=\"elementor-divider-separator\">\n\t\t\t\t\t\t<\/span>\n\t\t<\/div>\n\t\t\t\t\t\t<\/div>\n\t\t\t\t<\/div>\n\t\t\t\t\t<\/div>\n\t\t<\/div>\n\t\t\t\t\t<\/div>\n\t\t<\/section>\n\t\t\t\t\t<\/div>\n\t\t<\/div>\n\t\t\t\t\t<\/div>\n\t\t<\/section>\n\t\t\t\t<section class=\"elementor-section elementor-top-section elementor-element elementor-element-828af31 elementor-section-full_width elementor-reverse-tablet elementor-reverse-mobile elementor-section-height-default elementor-section-height-default\" data-id=\"828af31\" data-element_type=\"section\" data-e-type=\"section\" data-settings=\"{&quot;background_background&quot;:&quot;classic&quot;}\">\n\t\t\t\t\t\t<div class=\"elementor-container elementor-column-gap-default\">\n\t\t\t\t\t<div class=\"elementor-column elementor-col-50 elementor-top-column elementor-element elementor-element-fc1e8fc\" data-id=\"fc1e8fc\" data-element_type=\"column\" data-e-type=\"column\">\n\t\t\t<div class=\"elementor-widget-wrap elementor-element-populated\">\n\t\t\t\t\t\t<div class=\"elementor-element elementor-element-d072e75 elementor-widget__width-initial elementor-widget elementor-widget-heading\" data-id=\"d072e75\" data-element_type=\"widget\" data-e-type=\"widget\" data-widget_type=\"heading.default\">\n\t\t\t\t<div class=\"elementor-widget-container\">\n\t\t\t\t\t<h6 class=\"elementor-heading-title elementor-size-default\">Kanga omadused <\/h6>\t\t\t\t<\/div>\n\t\t\t\t<\/div>\n\t\t\t\t<div class=\"elementor-element elementor-element-f15179b elementor-widget__width-initial elementor-widget elementor-widget-heading\" data-id=\"f15179b\" data-element_type=\"widget\" data-e-type=\"widget\" data-widget_type=\"heading.default\">\n\t\t\t\t<div class=\"elementor-widget-container\">\n\t\t\t\t\t<h3 class=\"elementor-heading-title elementor-size-default\">100% Mulberry Silk<\/h3>\t\t\t\t<\/div>\n\t\t\t\t<\/div>\n\t\t\t\t<div class=\"elementor-element elementor-element-31ccd02 elementor-widget-divider--view-line elementor-widget elementor-widget-divider\" data-id=\"31ccd02\" data-element_type=\"widget\" data-e-type=\"widget\" data-widget_type=\"divider.default\">\n\t\t\t\t<div class=\"elementor-widget-container\">\n\t\t\t\t\t\t\t<div class=\"elementor-divider\">\n\t\t\t<span class=\"elementor-divider-separator\">\n\t\t\t\t\t\t<\/span>\n\t\t<\/div>\n\t\t\t\t\t\t<\/div>\n\t\t\t\t<\/div>\n\t\t\t\t<div class=\"elementor-element elementor-element-a8617cd elementor-widget__width-initial elementor-widget-tablet__width-initial elementor-widget elementor-widget-text-editor\" data-id=\"a8617cd\" data-element_type=\"widget\" data-e-type=\"widget\" data-widget_type=\"text-editor.default\">\n\t\t\t\t<div class=\"elementor-widget-container\">\n\t\t\t\t\t\t\t\t\t<p><b>Parim kvaliteet<br \/><\/b>Mooruspuu siid on tuntud oma erakordse kvaliteedi poolest. See pakub luksuslikku v\u00e4limust ja tunnet.<\/p><p class=\"p1\"><strong>Looduslik ja h\u00fcpoallergeenne<br \/><\/strong>Loodusliku kiuna on see nahale \u00f5rn ja sobib allergikutele v\u00f5i tundlikule nahale.<\/p><p class=\"p1\"><strong>Hingav<br \/><\/strong>Mooruspuu siid laseb \u00f5hul ringelda, hoides kandja jahedana ja mugavalt.<\/p><p class=\"p1\"><strong>Temperatuuri reguleerimine<br \/><\/strong> Mooruspuu siid kohandub kehatemperatuuriga, pakkudes k\u00fclma ilmaga soojust ja palava ilmaga jahedust.<\/p><p class=\"p1\"><strong>Pehmus ja sujuvus<br \/><\/strong>Mulberry Silk on puudutamisel uskumatult pehme ja sile, tagades mugava kandmiskogemuse.<\/p><p class=\"p1\"><strong>Vastupidavus<\/strong><br \/>Mooruspuu siid on kauakestev ja s\u00e4ilitab korraliku hoolduse korral oma elegantsi.<\/p><p class=\"p1\"><strong>Satiinine pind<br \/><\/strong>Satiinviimistlusega siidil on loomulik l\u00e4ige, mis suurendab selle visuaalset atraktiivsust.<\/p>\t\t\t\t\t\t\t\t<\/div>\n\t\t\t\t<\/div>\n\t\t\t\t\t<\/div>\n\t\t<\/div>\n\t\t\t\t<div class=\"elementor-column elementor-col-50 elementor-top-column elementor-element elementor-element-7abc27c\" data-id=\"7abc27c\" data-element_type=\"column\" data-e-type=\"column\" data-settings=\"{&quot;background_background&quot;:&quot;classic&quot;}\">\n\t\t\t<div class=\"elementor-widget-wrap elementor-element-populated\">\n\t\t\t\t\t<div class=\"elementor-background-overlay\"><\/div>\n\t\t\t\t\t\t<div class=\"elementor-element elementor-element-01c19da elementor-widget elementor-widget-video\" data-id=\"01c19da\" data-element_type=\"widget\" data-e-type=\"widget\" data-settings=\"{&quot;video_type&quot;:&quot;vimeo&quot;,&quot;autoplay&quot;:&quot;yes&quot;,&quot;play_on_mobile&quot;:&quot;yes&quot;,&quot;loop&quot;:&quot;yes&quot;,&quot;start&quot;:0}\" data-widget_type=\"video.default\">\n\t\t\t\t<div class=\"elementor-widget-container\">\n\t\t\t\t\t\t\t<div class=\"elementor-wrapper elementor-open-inline\">\n\t\t\t<iframe class=\"elementor-video-iframe\" allowfullscreen allow=\"autoplay\" title=\"vimeo videopleier\" src=\"https:\/\/player.vimeo.com\/video\/1036641008?autoplay=1&amp;playsinline=1&amp;color&amp;autopause=0&amp;loop=1&amp;muted=0&amp;title=0&amp;portrait=0&amp;byline=0#t=\"><\/iframe>\t\t<\/div>\n\t\t\t\t\t\t<\/div>\n\t\t\t\t<\/div>\n\t\t\t\t\t<\/div>\n\t\t<\/div>\n\t\t\t\t\t<\/div>\n\t\t<\/section>\n\t\t\t\t<section class=\"elementor-section elementor-top-section elementor-element elementor-element-4d06e60d elementor-section-full_width elementor-section-content-middle elementor-section-height-default elementor-section-height-default\" data-id=\"4d06e60d\" data-element_type=\"section\" data-e-type=\"section\">\n\t\t\t\t\t\t<div class=\"elementor-container elementor-column-gap-no\">\n\t\t\t\t\t<div class=\"elementor-column elementor-col-100 elementor-top-column elementor-element elementor-element-149c7604\" data-id=\"149c7604\" data-element_type=\"column\" data-e-type=\"column\">\n\t\t\t<div class=\"elementor-widget-wrap elementor-element-populated\">\n\t\t\t\t\t\t<div class=\"elementor-element elementor-element-613909f0 elementor-widget__width-initial elementor-widget elementor-widget-heading\" data-id=\"613909f0\" data-element_type=\"widget\" data-e-type=\"widget\" data-widget_type=\"heading.default\">\n\t\t\t\t<div class=\"elementor-widget-container\">\n\t\t\t\t\t<h3 class=\"elementor-heading-title elementor-size-default\">Hooldusjuhend<\/h3>\t\t\t\t<\/div>\n\t\t\t\t<\/div>\n\t\t\t\t<div class=\"elementor-element elementor-element-1e6d7fb elementor-widget__width-initial elementor-widget-tablet__width-initial elementor-widget elementor-widget-text-editor\" data-id=\"1e6d7fb\" data-element_type=\"widget\" data-e-type=\"widget\" data-widget_type=\"text-editor.default\">\n\t\t\t\t<div class=\"elementor-widget-container\">\n\t\t\t\t\t\t\t\t\t<p><b>Kuivpuhas v\u00f5i k\u00fclm k\u00e4sipesu. Keskmise kuumusega triikraud, seest v\u00e4ljas. Vajadusel k\u00fclm k\u00e4sipesu.<\/b><\/p><p>Selle pikaealisuse tagamiseks ning luksusliku tunde ja erksate v\u00e4rvide s\u00e4ilitamiseks soovitame eelistatud puhastusmeetodina kasutada keemilist puhastust. Meie siidr\u00f5ivaste puhul on vastuv\u00f5etav ka aeg-ajalt k\u00fclm \u00f5rn k\u00e4tepesu.<\/p>\t\t\t\t\t\t\t\t<\/div>\n\t\t\t\t<\/div>\n\t\t\t\t<div class=\"elementor-element elementor-element-e7e8e92 elementor-widget__width-initial elementor-widget-tablet__width-initial elementor-widget elementor-widget-text-editor\" data-id=\"e7e8e92\" data-element_type=\"widget\" data-e-type=\"widget\" data-widget_type=\"text-editor.default\">\n\t\t\t\t<div class=\"elementor-widget-container\">\n\t\t\t\t\t\t\t\t\t<table border=\"1\"><tbody><tr><th>\u00a0<\/th><th>KESKMINE PIKKUS<\/th><th>PIKEM PIKKUS<\/th><\/tr><tr><td>Varruka pikkus kaelast<\/td><td align=\"center\">50 cm<\/td><td align=\"center\">50 cm<\/td><\/tr><tr><td>Pikkus, seljaosa keskel<\/td><td align=\"center\">100 cm<\/td><td align=\"center\">120 cm<\/td><\/tr><\/tbody><\/table>\t\t\t\t\t\t\t\t<\/div>\n\t\t\t\t<\/div>\n\t\t\t\t\t<\/div>\n\t\t<\/div>\n\t\t\t\t\t<\/div>\n\t\t<\/section>\n\t\t\t\t<\/div>","protected":false},"excerpt":{"rendered":"<h3><strong>Ajatu elegants<\/strong><\/h3>\n<p>Valmistatud 100% k\u00f5rgekvaliteedilisest satiinviimistlusega Mulberry siidist , mis toob esile siidi loomuliku s\u00e4ra ja sileduse.<\/p>\n<h3><strong>Kantav kunst<\/strong><\/h3>\n<p>Kangamustrid on kujundanud kunstnik Katrin Kivi, muutes iga kimono kantavaks meistriteoseks. See on kunst, mida saad kanda.<\/p>\n<h3>Salajane s\u00f5num<\/h3>\n<p>Mustrisse p\u00f5imitud peidetud s\u00f5num \u00fctleb: \u201eLase oma hingel tantsida universumi r\u00fctmidega. Sina oled meloodia.&quot;<\/p>\n<h3>Kestev ilu<\/h3>\n<p>Digiprindi tehnoloogia tagab mustri erakordse detailsuse ja v\u00e4rvide kestvuse, s\u00e4\u00e4stes samal ajal keskkonda.<\/p>\n<h3>K\u00e4sitsi valmistatud t\u00e4iuslikkus<\/h3>\n<p>Valmistatud hoole ja erakordse t\u00e4psusega Eesti tippr\u00e4tsepate poolt, r\u00f5hutades kvaliteeti igas detailis.<\/p>\n<h3>\u00dcks suurus sobib k\u00f5igile<\/h3>\n<p>\u00dcks universaalne suurus, mis sobib kaunilt k\u00f5igile kehat\u00fc\u00fcpidele. See kimono on saadaval vaid keskmises pikkuses, nii nagu fotol n\u00e4ha.<\/p>\n<h3><strong>Pane t\u00e4hele!<\/strong><\/h3>\n<p>Esipaneeli v\u00e4rv v\u00f5ib varieeruda tulenevalt zerowaste kanga l\u00f5ikamise p\u00f5him\u00f5tetest. V\u00f6\u00f6 ei kuulu komplekti, kuid selle saab eraldi osta. Pildil olev modell on 166 cm pikk ja kannab pikka. See kimono on saadaval ka tavapikkuses. Lisaks v\u00f5ivad tutiv\u00e4rvid h\u00f5bedase ja kulla vahel erineda.<\/p>\n<p><strong>Elegantselt pakendatud kaunisse kinkekarpi,<\/strong>, ideaalne kingitus v\u00f5i luksushetk iseendale. <strong>Kingituseks saad kaasa siidist patsikummi.<\/strong><\/p>\n<h3><\/h3>\n<h3>Valides siidi, ei eksi sa kunagi!<\/h3>","protected":false},"featured_media":16268,"comment_status":"open","ping_status":"closed","template":"","meta":{"_acf_changed":false,"site-sidebar-layout":"default","site-content-layout":"page-builder","ast-site-content-layout":"default","site-content-style":"default","site-sidebar-style":"default","ast-global-header-display":"","ast-banner-title-visibility":"","ast-main-header-display":"","ast-hfb-above-header-display":"","ast-hfb-below-header-display":"","ast-hfb-mobile-header-display":"","site-post-title":"disabled","ast-breadcrumbs-content":"","ast-featured-img":"disabled","footer-sml-layout":"","theme-transparent-header-meta":"default","adv-header-id-meta":"","stick-header-meta":"default","header-above-stick-meta":"","header-main-stick-meta":"","header-below-stick-meta":"","astra-migrate-meta-layouts":"set","ast-page-background-enabled":"default","ast-page-background-meta":{"desktop":{"background-color":"var(--ast-global-color-4)","background-image":"","background-repeat":"repeat","background-position":"center center","background-size":"auto","background-attachment":"scroll","background-type":"","background-media":"","overlay-type":"","overlay-color":"","overlay-opacity":"","overlay-gradient":""},"tablet":{"background-color":"","background-image":"","background-repeat":"repeat","background-position":"center center","background-size":"auto","background-attachment":"scroll","background-type":"","background-media":"","overlay-type":"","overlay-color":"","overlay-opacity":"","overlay-gradient":""},"mobile":{"background-color":"","background-image":"","background-repeat":"repeat","background-position":"center center","background-size":"auto","background-attachment":"scroll","background-type":"","background-media":"","overlay-type":"","overlay-color":"","overlay-opacity":"","overlay-gradient":""}},"ast-content-background-meta":{"desktop":{"background-color":"var(--ast-global-color-5)","background-image":"","background-repeat":"repeat","background-position":"center center","background-size":"auto","background-attachment":"scroll","background-type":"","background-media":"","overlay-type":"","overlay-color":"","overlay-opacity":"","overlay-gradient":""},"tablet":{"background-color":"var(--ast-global-color-5)","background-image":"","background-repeat":"repeat","background-position":"center center","background-size":"auto","background-attachment":"scroll","background-type":"","background-media":"","overlay-type":"","overlay-color":"","overlay-opacity":"","overlay-gradient":""},"mobile":{"background-color":"var(--ast-global-color-5)","background-image":"","background-repeat":"repeat","background-position":"center center","background-size":"auto","background-attachment":"scroll","background-type":"","background-media":"","overlay-type":"","overlay-color":"","overlay-opacity":"","overlay-gradient":""}}},"product_brand":[],"product_cat":[47,18],"product_tag":[],"class_list":{"0":"post-16102","1":"product","2":"type-product","3":"status-publish","4":"has-post-thumbnail","6":"product_cat-new-arrivals","7":"product_cat-silk-kimonos","8":"desktop-align-left","9":"tablet-align-left","10":"mobile-align-left","11":"ast-product-gallery-layout-horizontal","12":"ast-product-tabs-layout-distributed","14":"first","15":"instock","16":"shipping-taxable","17":"purchasable","18":"product-type-simple"},"supplier_id":null,"supplier_sku":"","barcode":null,"atum_controlled":true,"out_stock_date":null,"out_stock_threshold":null,"inheritable":false,"inbound_stock":0,"stock_on_hold":0,"sold_today":0,"sales_last_days":0,"reserved_stock":0,"customer_returns":0,"warehouse_damage":0,"lost_in_post":0,"other_logs":0,"out_stock_days":0,"lost_sales":0,"has_location":false,"update_date":"2026-04-05T03:54:28","atum_locations":[],"atum_stock_status":"instock","restock_status":false,"low_stock_amount":"","sales_update_date":"2026-04-05T03:54:28","calc_backorders":null,"acf":[],"_links":{"self":[{"href":"https:\/\/nakedspirit.ee\/est\/wp-json\/wp\/v2\/product\/16102","targetHints":{"allow":["GET"]}}],"collection":[{"href":"https:\/\/nakedspirit.ee\/est\/wp-json\/wp\/v2\/product"}],"about":[{"href":"https:\/\/nakedspirit.ee\/est\/wp-json\/wp\/v2\/types\/product"}],"replies":[{"embeddable":true,"href":"https:\/\/nakedspirit.ee\/est\/wp-json\/wp\/v2\/comments?post=16102"}],"version-history":[{"count":5,"href":"https:\/\/nakedspirit.ee\/est\/wp-json\/wp\/v2\/product\/16102\/revisions"}],"predecessor-version":[{"id":16793,"href":"https:\/\/nakedspirit.ee\/est\/wp-json\/wp\/v2\/product\/16102\/revisions\/16793"}],"wp:featuredmedia":[{"embeddable":true,"href":"https:\/\/nakedspirit.ee\/est\/wp-json\/wp\/v2\/media\/16268"}],"wp:attachment":[{"href":"https:\/\/nakedspirit.ee\/est\/wp-json\/wp\/v2\/media?parent=16102"}],"wp:term":[{"taxonomy":"product_brand","embeddable":true,"href":"https:\/\/nakedspirit.ee\/est\/wp-json\/wp\/v2\/product_brand?post=16102"},{"taxonomy":"product_cat","embeddable":true,"href":"https:\/\/nakedspirit.ee\/est\/wp-json\/wp\/v2\/product_cat?post=16102"},{"taxonomy":"product_tag","embeddable":true,"href":"https:\/\/nakedspirit.ee\/est\/wp-json\/wp\/v2\/product_tag?post=16102"}],"curies":[{"name":"wp","href":"https:\/\/api.w.org\/{rel}","templated":true}]}}