{"id":16146,"date":"2024-12-04T13:14:56","date_gmt":"2024-12-04T13:14:56","guid":{"rendered":"https:\/\/nakedspirit.ee\/?post_type=product&#038;p=16146"},"modified":"2025-08-10T19:24:14","modified_gmt":"2025-08-10T19:24:14","slug":"aurora-green-silk-belt","status":"publish","type":"product","link":"https:\/\/nakedspirit.ee\/est\/toode\/aurora-green-silk-belt\/","title":{"rendered":"Aurora Siidist V\u00f6\u00f6"},"content":{"rendered":"<div data-elementor-type=\"product-post\" data-elementor-id=\"16146\" class=\"elementor elementor-16146\" data-elementor-post-type=\"product\">\n\t\t\t\t\t\t<section class=\"elementor-section elementor-top-section elementor-element elementor-element-6e72f5ee elementor-section-full_width elementor-section-height-default elementor-section-height-default\" data-id=\"6e72f5ee\" data-element_type=\"section\" data-e-type=\"section\">\n\t\t\t\t\t\t<div class=\"elementor-container elementor-column-gap-no\">\n\t\t\t\t\t<div class=\"elementor-column elementor-col-100 elementor-top-column elementor-element elementor-element-5b27e43a\" data-id=\"5b27e43a\" data-element_type=\"column\" data-e-type=\"column\">\n\t\t\t<div class=\"elementor-widget-wrap elementor-element-populated\">\n\t\t\t\t\t\t<section class=\"elementor-section elementor-inner-section elementor-element elementor-element-46978a92 elementor-section-full_width elementor-section-height-default elementor-section-height-default\" data-id=\"46978a92\" data-element_type=\"section\" data-e-type=\"section\">\n\t\t\t\t\t\t<div class=\"elementor-container elementor-column-gap-no\">\n\t\t\t\t\t<div class=\"elementor-column elementor-col-100 elementor-inner-column elementor-element elementor-element-5275fb7\" data-id=\"5275fb7\" data-element_type=\"column\" data-e-type=\"column\">\n\t\t\t<div class=\"elementor-widget-wrap elementor-element-populated\">\n\t\t\t\t\t\t<div class=\"elementor-element elementor-element-6ebac241 elementor-widget-tablet__width-initial elementor-widget elementor-widget-heading\" data-id=\"6ebac241\" data-element_type=\"widget\" data-e-type=\"widget\" data-widget_type=\"heading.default\">\n\t\t\t\t<div class=\"elementor-widget-container\">\n\t\t\t\t\t<h3 class=\"elementor-heading-title elementor-size-default\">Veel detaile<\/h3>\t\t\t\t<\/div>\n\t\t\t\t<\/div>\n\t\t\t\t<div class=\"elementor-element elementor-element-5cd73c65 elementor-widget-divider--view-line elementor-widget elementor-widget-divider\" data-id=\"5cd73c65\" data-element_type=\"widget\" data-e-type=\"widget\" data-widget_type=\"divider.default\">\n\t\t\t\t<div class=\"elementor-widget-container\">\n\t\t\t\t\t\t\t<div class=\"elementor-divider\">\n\t\t\t<span class=\"elementor-divider-separator\">\n\t\t\t\t\t\t<\/span>\n\t\t<\/div>\n\t\t\t\t\t\t<\/div>\n\t\t\t\t<\/div>\n\t\t\t\t\t<\/div>\n\t\t<\/div>\n\t\t\t\t\t<\/div>\n\t\t<\/section>\n\t\t\t\t\t<\/div>\n\t\t<\/div>\n\t\t\t\t\t<\/div>\n\t\t<\/section>\n\t\t\t\t<section class=\"elementor-section elementor-top-section elementor-element elementor-element-b3f8ddc elementor-section-full_width elementor-reverse-tablet elementor-reverse-mobile elementor-section-height-default elementor-section-height-default\" data-id=\"b3f8ddc\" data-element_type=\"section\" data-e-type=\"section\" data-settings=\"{&quot;background_background&quot;:&quot;classic&quot;}\">\n\t\t\t\t\t\t<div class=\"elementor-container elementor-column-gap-default\">\n\t\t\t\t\t<div class=\"elementor-column elementor-col-50 elementor-top-column elementor-element elementor-element-5b72966d\" data-id=\"5b72966d\" data-element_type=\"column\" data-e-type=\"column\">\n\t\t\t<div class=\"elementor-widget-wrap elementor-element-populated\">\n\t\t\t\t\t\t<div class=\"elementor-element elementor-element-2180dc8a elementor-widget__width-initial elementor-widget elementor-widget-heading\" data-id=\"2180dc8a\" data-element_type=\"widget\" data-e-type=\"widget\" data-widget_type=\"heading.default\">\n\t\t\t\t<div class=\"elementor-widget-container\">\n\t\t\t\t\t<h6 class=\"elementor-heading-title elementor-size-default\">Kanga omadused <\/h6>\t\t\t\t<\/div>\n\t\t\t\t<\/div>\n\t\t\t\t<div class=\"elementor-element elementor-element-1c2642cc elementor-widget__width-initial elementor-widget elementor-widget-heading\" data-id=\"1c2642cc\" data-element_type=\"widget\" data-e-type=\"widget\" data-widget_type=\"heading.default\">\n\t\t\t\t<div class=\"elementor-widget-container\">\n\t\t\t\t\t<h3 class=\"elementor-heading-title elementor-size-default\">100% Mulberry Silk<\/h3>\t\t\t\t<\/div>\n\t\t\t\t<\/div>\n\t\t\t\t<div class=\"elementor-element elementor-element-5fdb091a elementor-widget-divider--view-line elementor-widget elementor-widget-divider\" data-id=\"5fdb091a\" data-element_type=\"widget\" data-e-type=\"widget\" data-widget_type=\"divider.default\">\n\t\t\t\t<div class=\"elementor-widget-container\">\n\t\t\t\t\t\t\t<div class=\"elementor-divider\">\n\t\t\t<span class=\"elementor-divider-separator\">\n\t\t\t\t\t\t<\/span>\n\t\t<\/div>\n\t\t\t\t\t\t<\/div>\n\t\t\t\t<\/div>\n\t\t\t\t<div class=\"elementor-element elementor-element-55e48fe0 elementor-widget__width-initial elementor-widget-tablet__width-initial elementor-widget elementor-widget-text-editor\" data-id=\"55e48fe0\" data-element_type=\"widget\" data-e-type=\"widget\" data-widget_type=\"text-editor.default\">\n\t\t\t\t<div class=\"elementor-widget-container\">\n\t\t\t\t\t\t\t\t\t<p><b>Parim kvaliteet<br \/><\/b>Mooruspuu siid on tuntud oma erakordse kvaliteedi poolest. See pakub luksuslikku v\u00e4limust ja tunnet.<\/p><p class=\"p1\"><strong>Looduslik ja h\u00fcpoallergeenne<br \/><\/strong>Loodusliku kiuna on see nahale \u00f5rn ja sobib allergikutele v\u00f5i tundlikule nahale.<\/p><p class=\"p1\"><strong>Hingav<br \/><\/strong>Mooruspuu siid laseb \u00f5hul ringelda, hoides kandja jahedana ja mugavalt.<\/p><p class=\"p1\"><strong>Temperatuuri reguleerimine<br \/><\/strong> Mooruspuu siid kohandub kehatemperatuuriga, pakkudes k\u00fclma ilmaga soojust ja palava ilmaga jahedust.<\/p><p class=\"p1\"><strong>Pehmus ja sujuvus<br \/><\/strong>Mulberry Silk on puudutamisel uskumatult pehme ja sile, tagades mugava kandmiskogemuse.<\/p><p class=\"p1\"><strong>Vastupidavus<\/strong><br \/>Mooruspuu siid on kauakestev ja s\u00e4ilitab korraliku hoolduse korral oma elegantsi.<\/p><p class=\"p1\"><strong>Satiinine pind<br \/><\/strong>Satiinviimistlusega siidil on loomulik l\u00e4ige, mis suurendab selle visuaalset atraktiivsust.<\/p>\t\t\t\t\t\t\t\t<\/div>\n\t\t\t\t<\/div>\n\t\t\t\t\t<\/div>\n\t\t<\/div>\n\t\t\t\t<div class=\"elementor-column elementor-col-50 elementor-top-column elementor-element elementor-element-f95ae2f\" data-id=\"f95ae2f\" data-element_type=\"column\" data-e-type=\"column\" data-settings=\"{&quot;background_background&quot;:&quot;classic&quot;}\">\n\t\t\t<div class=\"elementor-widget-wrap elementor-element-populated\">\n\t\t\t\t\t<div class=\"elementor-background-overlay\"><\/div>\n\t\t\t\t\t\t<div class=\"elementor-element elementor-element-3b4c5db1 elementor-widget elementor-widget-video\" data-id=\"3b4c5db1\" data-element_type=\"widget\" data-e-type=\"widget\" data-settings=\"{&quot;video_type&quot;:&quot;vimeo&quot;,&quot;autoplay&quot;:&quot;yes&quot;,&quot;play_on_mobile&quot;:&quot;yes&quot;,&quot;mute&quot;:&quot;yes&quot;,&quot;loop&quot;:&quot;yes&quot;}\" data-widget_type=\"video.default\">\n\t\t\t\t<div class=\"elementor-widget-container\">\n\t\t\t\t\t\t\t<div class=\"elementor-wrapper elementor-open-inline\">\n\t\t\t<iframe class=\"elementor-video-iframe\" allowfullscreen allow=\"autoplay\" title=\"vimeo videopleier\" src=\"https:\/\/player.vimeo.com\/video\/1036641664?autoplay=1&amp;playsinline=1&amp;color&amp;autopause=0&amp;loop=1&amp;muted=1&amp;title=0&amp;portrait=0&amp;byline=0#t=\" data-no-translation-title=\"\"><\/iframe>\t\t<\/div>\n\t\t\t\t\t\t<\/div>\n\t\t\t\t<\/div>\n\t\t\t\t\t<\/div>\n\t\t<\/div>\n\t\t\t\t\t<\/div>\n\t\t<\/section>\n\t\t\t\t<section class=\"elementor-section elementor-top-section elementor-element elementor-element-17067b70 elementor-section-full_width elementor-section-content-middle elementor-section-height-default elementor-section-height-default\" data-id=\"17067b70\" data-element_type=\"section\" data-e-type=\"section\">\n\t\t\t\t\t\t<div class=\"elementor-container elementor-column-gap-no\">\n\t\t\t\t\t<div class=\"elementor-column elementor-col-100 elementor-top-column elementor-element elementor-element-51606e87\" data-id=\"51606e87\" data-element_type=\"column\" data-e-type=\"column\">\n\t\t\t<div class=\"elementor-widget-wrap elementor-element-populated\">\n\t\t\t\t\t\t<div class=\"elementor-element elementor-element-2a6e6d52 elementor-widget__width-initial elementor-widget elementor-widget-heading\" data-id=\"2a6e6d52\" data-element_type=\"widget\" data-e-type=\"widget\" data-widget_type=\"heading.default\">\n\t\t\t\t<div class=\"elementor-widget-container\">\n\t\t\t\t\t<h3 class=\"elementor-heading-title elementor-size-default\">Hooldusjuhend<\/h3>\t\t\t\t<\/div>\n\t\t\t\t<\/div>\n\t\t\t\t<div class=\"elementor-element elementor-element-38de19db elementor-widget__width-initial elementor-widget-tablet__width-initial elementor-widget elementor-widget-text-editor\" data-id=\"38de19db\" data-element_type=\"widget\" data-e-type=\"widget\" data-widget_type=\"text-editor.default\">\n\t\t\t\t<div class=\"elementor-widget-container\">\n\t\t\t\t\t\t\t\t\t<p><b>Keemiline puhastus. Triikimine keskmise kuumusega.<\/b><\/p><p>Soovitame puhastusmeetodina kasutada keemilist puhastust. \u00d5rnade plekkide eemaldamiseks sobib kasutada 50\/50 \u00e4\u00e4dika-vee lahust: tupsuta siidise peene kangaga \u00e4\u00e4dikalahus \u00f5rnalt plekile, \u00e4ra h\u00f5\u00f5ru. Auruta triikrauaga kuivaks.<\/p>\t\t\t\t\t\t\t\t<\/div>\n\t\t\t\t<\/div>\n\t\t\t\t\t<\/div>\n\t\t<\/div>\n\t\t\t\t\t<\/div>\n\t\t<\/section>\n\t\t\t\t<\/div>","protected":false},"excerpt":{"rendered":"<h3><strong>Luksuslik k\u00e4sit\u00f6\u00f6<\/strong><\/h3>\n<p>See v\u00f6\u00f6 on valmistatud parimast Mulberry siidist, mida tunnustatakse selle sileda tekstuuri ja loomuliku l\u00e4ike poolest. See v\u00f6\u00f6 lisab elegantsi iga detailiga.<\/p>\n<h3><strong>Peen esidetail<\/strong><\/h3>\n<p>Tepitud esipaneelil on pehme polsterdus, mis teeb kandmise mugavuaks.<\/p>\n<h3><strong>Inspireeritud Jaapanist<\/strong><\/h3>\n<p>Jaapanlik geisha stiil annab kimonole juurde kandmisv\u00f5imalusi<\/p>\n<h3><strong>Pane t\u00e4hele!<\/strong><\/h3>\n<p>Pange t\u00e4hele, et pildil olevad v\u00e4rvid v\u00f5ivad valguse ja v\u00e4lguefektide t\u00f5ttu veidi erineda. Tegelikkuses on see v\u00f6\u00f6 valmistatud samast kvaliteetsest siidist kui sobiv kimono, tagades teie ansambli t\u00e4iusliku t\u00e4ienduse.<\/p>","protected":false},"featured_media":16562,"comment_status":"open","ping_status":"closed","template":"","meta":{"_acf_changed":false,"site-sidebar-layout":"default","site-content-layout":"page-builder","ast-site-content-layout":"default","site-content-style":"default","site-sidebar-style":"default","ast-global-header-display":"","ast-banner-title-visibility":"","ast-main-header-display":"","ast-hfb-above-header-display":"","ast-hfb-below-header-display":"","ast-hfb-mobile-header-display":"","site-post-title":"disabled","ast-breadcrumbs-content":"","ast-featured-img":"disabled","footer-sml-layout":"","theme-transparent-header-meta":"default","adv-header-id-meta":"","stick-header-meta":"default","header-above-stick-meta":"","header-main-stick-meta":"","header-below-stick-meta":"","astra-migrate-meta-layouts":"set","ast-page-background-enabled":"default","ast-page-background-meta":{"desktop":{"background-color":"var(--ast-global-color-4)","background-image":"","background-repeat":"repeat","background-position":"center center","background-size":"auto","background-attachment":"scroll","background-type":"","background-media":"","overlay-type":"","overlay-color":"","overlay-opacity":"","overlay-gradient":""},"tablet":{"background-color":"","background-image":"","background-repeat":"repeat","background-position":"center center","background-size":"auto","background-attachment":"scroll","background-type":"","background-media":"","overlay-type":"","overlay-color":"","overlay-opacity":"","overlay-gradient":""},"mobile":{"background-color":"","background-image":"","background-repeat":"repeat","background-position":"center center","background-size":"auto","background-attachment":"scroll","background-type":"","background-media":"","overlay-type":"","overlay-color":"","overlay-opacity":"","overlay-gradient":""}},"ast-content-background-meta":{"desktop":{"background-color":"var(--ast-global-color-5)","background-image":"","background-repeat":"repeat","background-position":"center center","background-size":"auto","background-attachment":"scroll","background-type":"","background-media":"","overlay-type":"","overlay-color":"","overlay-opacity":"","overlay-gradient":""},"tablet":{"background-color":"var(--ast-global-color-5)","background-image":"","background-repeat":"repeat","background-position":"center center","background-size":"auto","background-attachment":"scroll","background-type":"","background-media":"","overlay-type":"","overlay-color":"","overlay-opacity":"","overlay-gradient":""},"mobile":{"background-color":"var(--ast-global-color-5)","background-image":"","background-repeat":"repeat","background-position":"center center","background-size":"auto","background-attachment":"scroll","background-type":"","background-media":"","overlay-type":"","overlay-color":"","overlay-opacity":"","overlay-gradient":""}}},"product_brand":[],"product_cat":[46],"product_tag":[],"class_list":{"0":"post-16146","1":"product","2":"type-product","3":"status-publish","4":"has-post-thumbnail","6":"product_cat-accessories","7":"desktop-align-left","8":"tablet-align-left","9":"mobile-align-left","10":"ast-product-gallery-layout-horizontal","11":"ast-product-tabs-layout-distributed","13":"first","14":"instock","15":"shipping-taxable","16":"purchasable","17":"product-type-simple"},"supplier_id":null,"supplier_sku":"","barcode":null,"atum_controlled":true,"out_stock_date":null,"out_stock_threshold":null,"inheritable":false,"inbound_stock":0,"stock_on_hold":0,"sold_today":0,"sales_last_days":0,"reserved_stock":0,"customer_returns":0,"warehouse_damage":0,"lost_in_post":0,"other_logs":0,"out_stock_days":0,"lost_sales":0,"has_location":false,"update_date":"2026-04-05T03:54:28","atum_locations":[],"atum_stock_status":"instock","restock_status":false,"low_stock_amount":"","sales_update_date":"2026-04-05T03:54:28","calc_backorders":0,"acf":[],"_links":{"self":[{"href":"https:\/\/nakedspirit.ee\/est\/wp-json\/wp\/v2\/product\/16146","targetHints":{"allow":["GET"]}}],"collection":[{"href":"https:\/\/nakedspirit.ee\/est\/wp-json\/wp\/v2\/product"}],"about":[{"href":"https:\/\/nakedspirit.ee\/est\/wp-json\/wp\/v2\/types\/product"}],"replies":[{"embeddable":true,"href":"https:\/\/nakedspirit.ee\/est\/wp-json\/wp\/v2\/comments?post=16146"}],"version-history":[{"count":5,"href":"https:\/\/nakedspirit.ee\/est\/wp-json\/wp\/v2\/product\/16146\/revisions"}],"predecessor-version":[{"id":16953,"href":"https:\/\/nakedspirit.ee\/est\/wp-json\/wp\/v2\/product\/16146\/revisions\/16953"}],"wp:featuredmedia":[{"embeddable":true,"href":"https:\/\/nakedspirit.ee\/est\/wp-json\/wp\/v2\/media\/16562"}],"wp:attachment":[{"href":"https:\/\/nakedspirit.ee\/est\/wp-json\/wp\/v2\/media?parent=16146"}],"wp:term":[{"taxonomy":"product_brand","embeddable":true,"href":"https:\/\/nakedspirit.ee\/est\/wp-json\/wp\/v2\/product_brand?post=16146"},{"taxonomy":"product_cat","embeddable":true,"href":"https:\/\/nakedspirit.ee\/est\/wp-json\/wp\/v2\/product_cat?post=16146"},{"taxonomy":"product_tag","embeddable":true,"href":"https:\/\/nakedspirit.ee\/est\/wp-json\/wp\/v2\/product_tag?post=16146"}],"curies":[{"name":"wp","href":"https:\/\/api.w.org\/{rel}","templated":true}]}}